{"id":4727,"date":"2024-09-27T13:27:22","date_gmt":"2024-09-27T11:27:22","guid":{"rendered":"https:\/\/odabrano.com\/?page_id=4727"},"modified":"2024-10-24T15:52:38","modified_gmt":"2024-10-24T13:52:38","slug":"novasol-direct-contacts-of-the-accommodation-owners","status":"publish","type":"page","link":"https:\/\/odabrano.com\/index.php\/novasol-direct-contacts-of-the-accommodation-owners\/","title":{"rendered":"Novasol &#8211; direct contacts of the accommodation owners"},"content":{"rendered":"\n<p>Novasol &#8211; direktni kontakti vlasnika smje\u0161taja<\/p>\n\n\n\n<p>Ako \u017eelite omogu\u0107iti gostima koji na agencijskim stranicama pregledavaju va\u0161 Novasol objekt da jednostavno do\u0111u do va\u0161ih kontakt podataka i rezerviraju smje\u0161taj izravno kod vas, kontaktirajte me. U roku od 2-3 dana va\u0161i podaci bit \u0107e vidljivi na internetu, \u010dime \u0107ete omogu\u0107iti direktnu komunikaciju i br\u017eu rezervaciju.<\/p>\n\n\n\n<p>Za sada imamo dvadeset objekata koji su tu kao primjer. Samo jedan objekt ima telefonski broj vasnika ku\u0107e za odmor.<\/p>\n\n\n\n<p>Stvar funkcionira na na\u010din da gost upisuje Novasol \u0161ifru va\u0161eg objekta u Google i na prvoj stranici Google rezultata pojavljuje se link na ovu ili na neku drugu stranicu na mom web sajtu.<\/p>\n\n\n\n<p>Ovdje mogu biti va\u0161i kontakt podaci &#8211; telefonski broj, e-mail adresa, ku\u0107na adresa i poruka kojom \u0107ete ohrabriti gosta da vam se obrati radi direktne rezervacije bez agencijske provizije.<\/p>\n\n\n\n<ol class=\"wp-block-list\">\n<li><strong><a href=\"https:\/\/odabrano.com\/index.php\/2024\/08\/24\/kuca-za-odmor-trogir-kastel-sucurac\/\">Novasol CDE070<\/a><\/strong>: Telefonski broj vlasnika 385 91 443 3882<\/li>\n\n\n\n<li><strong><a href=\"https:\/\/odabrano.com\/index.php\/2024\/08\/25\/kuca-za-odmor-trogir-kastel-sucurac-2\/\">Novasol CDF965<\/a><\/strong>: Telefonski broj vlasnika 385 91 443 3882<\/li>\n\n\n\n<li><strong><a href=\"https:\/\/odabrano.com\/index.php\/2024\/08\/24\/kuca-za-odmor-trogir-kastel-sucurac-hrvatska\/\">Novasol CDF364<\/a><\/strong>: Ova \u0161armantna ku\u0107a za odmor s bazenom i njegovanom oku\u0107nicom zapravo ima dva lijepo ure\u0111ena apartmana s terasama.<\/li>\n\n\n\n<li><strong><a href=\"https:\/\/odabrano.com\/index.php\/2024\/09\/12\/kuca-za-odmor-split-hrvatska\/\">Novasol CDF801<\/a><\/strong>: Ova simpati\u010dna ku\u0107a za odmor nalazi se u Kili, splitskom kvartu, daleko od gradske buke i stresa.<\/li>\n\n\n\n<li><strong><a href=\"https:\/\/odabrano.com\/index.php\/2024\/09\/13\/kuca-za-odmor-trogir-kastel-sucurac-3\/\">Novasol CDC489<\/a><\/strong>: U\u017eivajte u wellnessu na otvorenom u ovoj ekskluzivnoj ku\u0107i za odmor<\/li>\n\n\n\n<li><strong><a href=\"https:\/\/odabrano.com\/index.php\/2024\/09\/15\/kuca-za-odmor-trogir-kastel-sucurac-hrvatska-2\/\">Novasol CDC112<\/a><\/strong>: Udobna ku\u0107a za odmor s bazenom prote\u017ee se na 3 eta\u017ee koje su povezane unutarnjim stepenicama.&nbsp;<\/li>\n\n\n\n<li><strong><a href=\"https:\/\/odabrano.com\/index.php\/2024\/09\/15\/kuca-za-odmor-trogir-kastel-kambelovac-hrvatska\/\">Novasol CSC046<\/a><\/strong>: Moderna, prostrana ku\u0107a za odmor s privatnim vanjskim bazenom i stolnim tenisom.<\/li>\n\n\n\n<li><strong><a href=\"https:\/\/www.odabrano.com\/centraldalmatia\/2024\/09\/27\/kuca-za-odmor-omis-hrvatska-novasol-cdf720\/\">Novasol CDF720<\/a><\/strong>: Kao dio na\u0161e luksuzne kolekcije, ovaj dom nudi dodatnu razinu luksuza kao \u0161to su: B. u obliku vi\u0161e prostora i udobnosti, dizajna interijera ili stila, arhitekture, opreme ili iskustava.<\/li>\n\n\n\n<li><strong><a href=\"https:\/\/www.odabrano.com\/centraldalmatia\/2024\/09\/25\/apartman-split-hrvatska\/\">Novasol CDC698<\/a><\/strong>: Atraktivan apartman za opu\u0161taju\u0107i odmor u blizini mora. Apartman do\u010dekuje svoje goste na 4. katu ku\u0107e.<\/li>\n\n\n\n<li><strong><a href=\"https:\/\/www.odabrano.com\/centraldalmatia\/2024\/09\/25\/apartman-ciovo-okrug-gornji-hrvatska\/\">Novasol CDM778<\/a><\/strong>: U ovoj lijepoj ku\u0107i nalaze se dva apartmana koji su pogodni za parove.&nbsp;<\/li>\n\n\n\n<li><strong><a href=\"https:\/\/www.odabrano.com\/centraldalmatia\/2024\/09\/21\/kuca-za-odmor-split-stobrec-hrvatska\/\">Novasol CDF310<\/a><\/strong>: Kao dio na\u0161e luksuzne kolekcije, ovaj dom nudi dodatnu razinu luksuza kao \u0161to su: B. u obliku vi\u0161e prostora i udobnosti,<\/li>\n\n\n\n<li><strong><a href=\"https:\/\/www.odabrano.com\/centraldalmatia\/2024\/09\/18\/kuca-za-odmor-trogir-kastel-luksic-hrvatska\/\">Novasol CDC545<\/a><\/strong>: Ova udobna ku\u0107a za odmor s privatnim bazenom u blizini mora nudi mir i opu\u0161tanje.<\/li>\n\n\n\n<li><a href=\"https:\/\/www.odabrano.com\/centraldalmatia\/2024\/10\/01\/apartman-split-hrvatska-novasol-cde656\/\"><strong>Novasol CDE656<\/strong><\/a>: Ova ukusno ure\u0111ena ku\u0107a za odmor nalazi se u naselju Duilovo, daleko od gradske vreve.<\/li>\n\n\n\n<li><strong><a href=\"https:\/\/www.odabrano.com\/centraldalmatia\/2024\/09\/28\/apartman-solta-necujam-hrvatska-novasol-cdo214\/\">Novasol CDO214<\/a>:<\/strong> Ovaj lijepo ure\u0111en apartman nalazi se na prvom katu obiteljske ku\u0107e u Ne\u010dujmu na prekrasnom otoku \u0160olti.<\/li>\n\n\n\n<li><strong><a href=\"https:\/\/www.odabrano.com\/centraldalmatia\/2024\/09\/14\/apartman-split-podstrana-hrvatska-3\/\">Novasol CDC817<\/a><\/strong>: Stan se nalazi na bre\u017euljkastom terenu. Smje\u0161taj se nalazi u obiteljskoj ku\u0107i te je udobno i moderno ure\u0111en.&nbsp;<\/li>\n\n\n\n<li><a href=\"https:\/\/www.odabrano.com\/centraldalmatia\/2024\/10\/03\/apartman-trogir-hrvatska-novasol-cdc411\/\"><strong>Novasol CDC411<\/strong><\/a>: Ovaj apartman nalazi se u prizemlju obiteljske ku\u0107e u Trogiru. Jednostavno je i potpuno namje\u0161ten te ima terasu na kojoj mo\u017eete u\u017eivati u jutarnjoj kavi. <\/li>\n\n\n\n<li><a href=\"https:\/\/odabrano.com\/index.php\/2024\/10\/06\/apartman-trogir-kastel-gomilica-hrvatska-novasol-cdc836\/\"><strong>Novasol CDC836<\/strong><\/a>:  Apartman je nov i moderno namje\u0161ten i udaljen svega par minuta hoda od pla\u017ee i svih sadr\u017eaja. Vrlo moderan i prostran apartman za odmor u Ka\u0161tel Gomilici.<\/li>\n\n\n\n<li><a href=\"https:\/\/www.odabrano.com\/centraldalmatia\/2024\/10\/05\/kuca-za-odmor-brac-splitska-hrvatska-novasol-cld185\/\"><strong>Novasol CLD185<\/strong><\/a>: Prekrasna villa Marisol smjestila se u gradu Supetar na otoku Bra\u010du koji je bogat turisti\u010dkom i gastronomskom ponudom kojom \u0107ete iskusiti mediteransku atmosferu dalmatinskih otoka&nbsp;<\/li>\n\n\n\n<li><a href=\"https:\/\/www.odabrano.com\/centraldalmatia\/2024\/10\/06\/apartman-omis-hrvatska-novasol-cdc138\/\"><strong>Novasol CDC138<\/strong><\/a>: Ovaj prostrani apartman za odmor nalazi se u blizini stare gradske jezgre Omi\u0161a i s prekrasnim pogledom na poznatu gradsku pje\u0161\u010danu pla\u017eu.<\/li>\n\n\n\n<li><a href=\"https:\/\/www.odabrano.com\/centraldalmatia\/2024\/10\/07\/kuca-za-odmor-solta-stomorska-hrvatska-novasol-cdo167\/\"><strong>Novasol CDO167<\/strong><\/a>: Ova udobna ku\u0107a za odmor, okru\u017eena prekrasnom prirodom, nalazi se u mjestu Stomorska na otoku \u0160olti, samo minutu vo\u017enje od pla\u017ea.<\/li>\n\n\n\n<li><a href=\"https:\/\/www.odabrano.com\/centraldalmatia\/2024\/10\/08\/kuca-za-odmor-omis-pisak-hrvatska-novasol-cld768\/\"><strong>Novasol CLD768<\/strong><\/a>: Villa Blue Dream Pisak udovoljiti \u0107e svim Va\u0161im \u017eeljama za opu\u0161taju\u0107im odmorom. Ova predivna vila mo\u017ee primiti do najvi\u0161e 4 gostiju, za savr\u0161eni odmor obitelji ili prijatelja.<\/li>\n\n\n\n<li><a href=\"https:\/\/www.odabrano.com\/centraldalmatia\/2024\/10\/10\/apartman-split-hrvatska-novasol-csc164\/\"><strong>Novasol CSC164<\/strong><\/a>: Ova prekrasna ku\u0107a za odmor do\u010dekuje vas na bre\u017euljku na periferiji Splita. Ovaj moderan i svijetao apartman za odmor do\u010dekuje Vas u prizemlju stambene zgrade.&nbsp;<\/li>\n\n\n\n<li><strong>Novasol XXX222<\/strong> \/<strong>test<\/strong>\/ Ivo Ivi\u0107, tel: 099 555 4433, ivo@gmail.com, Radni\u010dka 22, 21000, Split<\/li>\n<\/ol>\n\n\n\n<p>Isku\u0161ajte sami &#8211; upi\u0161ite bilo koju Novasol \u0161ifru sa ove liste u Google i pogledajte rezultat. Ili jednostavno klikite na donje linkove koji direktno vode na Google rezultate. Svaka nova Novasol \u0161ifra koja se ovdje doda vidljiva je na Googlu za 2 &#8211; 3 dana tako da zadnjih par dodanih mo\u017eda ne\u0107ete prona\u0107i.<\/p>\n\n\n\n<p><a href=\"https:\/\/www.google.com\/search?q=novasol+cde070\"><strong>Novasol CDE070<\/strong><\/a> \/ <a href=\"https:\/\/www.google.com\/search?q=novasol+cdf965\"><strong>Novasol CDF965<\/strong><\/a> \/ <a href=\"https:\/\/www.google.com\/search?q=novasol+cdf364\"><strong>Novasol CDF364<\/strong><\/a> \/ <a href=\"https:\/\/www.google.com\/search?q=novasol+cdf801\"><strong>Novasol CDF801<\/strong><\/a> \/ <strong><a href=\"https:\/\/www.google.com\/search?q=novasol+cdc489\">Novasol CDC489<\/a><\/strong> \/ <a href=\"https:\/\/www.google.com\/search?q=novasol+cdc112\"><strong>Novasol CDC112<\/strong><\/a> \/ <strong><a href=\"https:\/\/www.google.com\/search?q=novasol+csc046\">Novasol CSC046<\/a><\/strong> \/ <strong><a href=\"https:\/\/www.google.com\/search?q=novasol+cdf720\">Novasol CDF720<\/a><\/strong> \/ <strong><a href=\"https:\/\/www.google.com\/search?q=novasol+cdc698\">Novasol CDC698<\/a><\/strong> \/ <strong><a href=\"https:\/\/www.google.com\/search?q=novasol+cdm778\">Novasol CDM778<\/a><\/strong> \/ <strong><a href=\"https:\/\/www.google.com\/search?q=novasol+cdf310\">Novasol CDF310<\/a><\/strong> \/ <strong><a href=\"https:\/\/www.google.com\/search?q=novasol+cdc545\">Novasol CDC545<\/a><\/strong> \/ <strong><a href=\"https:\/\/www.google.com\/search?q=novasol+cde656\">Novasol CDE656<\/a><\/strong> \/ <strong><a href=\"https:\/\/www.google.com\/search?q=novasol+cdo214\">Novasol CDO214<\/a><\/strong> \/ <strong><a href=\"https:\/\/www.google.com\/search?q=novasol+cdc817\">Novasol CDC817<\/a><\/strong> \/ <strong><a href=\"https:\/\/www.google.com\/search?q=novasol+cdc411\">Novasol CDC411<\/a><\/strong> \/ <strong><a href=\"https:\/\/www.google.com\/search?q=novasol+cdc836\">Novasol &nbsp;CDC836<\/a><\/strong> \/ <strong><a href=\"http:\/\/www.google.com\/search?q=novasol+cld185\">Novasol CLD185<\/a><\/strong> \/ <strong><a href=\"http:\/\/www.google.com\/search?q=novasol+cdc138\">Novasol CDC138<\/a><\/strong> \/ <strong><a href=\"http:\/\/www.google.com\/search?q=novasol+cdo167\">Novasol CDO167<\/a><\/strong> \/ <strong><a href=\"http:\/\/www.google.com\/search?q=novasol+cld768\">Novasol CLD768<\/a><\/strong> \/ <strong><a href=\"https:\/\/www.google.com\/search?q=novasol+csc164\">Novasol CSC164<\/a><\/strong><\/p>\n\n\n\n<h4 class=\"wp-block-heading has-text-align-center\"><strong><em>Da jo\u0161 jednom ponovim &#8211; svrha mojih stranica nije da pronalazi nove goste (iako ni to nije isklju\u010deno) nego da gostima koji va\u0161 objekt prona\u0111u na agencijskim stranicama omogu\u0107i da u par klikova do\u0111u do va\u0161ih kontakt informacija.<\/em><\/strong><\/h4>\n\n\n\n<p>Ako \u017eelite da va\u0161 Novasol objekt bude na ovoj listi zajedno sa va\u0161im kontakt informacijama mo\u017eete me kontaktirati preko donje forme:<\/p>\n\n\n\n[contact-form-7 id=&#8221;257526d&#8221; title=&#8221;Contact form 1&#8243;]\n\n\n\n<p><a href=\"https:\/\/www.tripadvisor.com\/ShowTopic-g29218-i304-k10597271-o80-Bypassing_VRBO_fees_and_direct_contact_with_owner-Kauai_Hawaii.html\">Bypassing VRBO fees and direct contact with owner<\/a> \/Tripadvisor forum\/<\/p>\n\n\n\n<p>onomatopeja adimicroscan prijestolje<\/p>\n\n\n\n<figure class=\"wp-block-table\"><table class=\"has-fixed-layout\"><tbody><tr><td>cde565 <br>cdc996<br>cdc479<br>cdt745<br>cde563<br>cde794<\/td><td>csc254<br>cdf075<br>cld246<br>cdc841<br>csc067<br>cde125<\/td><td>cdc996<br>cld522<br>csc076<br>cdc956<br>csc254<br>cdc842<\/td><td>cdt745<br>cdc515<br>csc046<br>cde906<br>cde928<br>cdt226<\/td><\/tr><\/tbody><\/table><\/figure>\n\n\n\n<p><\/p>\n","protected":false},"excerpt":{"rendered":"<p>Novasol &#8211; direktni kontakti vlasnika smje\u0161taja Ako \u017eelite omogu\u0107iti gostima koji na agencijskim stranicama pregledavaju va\u0161 Novasol objekt da jednostavno do\u0111u do va\u0161ih kontakt podataka i rezerviraju smje\u0161taj izravno kod vas, kontaktirajte me. U roku od 2-3 dana va\u0161i podaci bit \u0107e vidljivi na internetu, \u010dime \u0107ete omogu\u0107iti direktnu komunikaciju i br\u017eu rezervaciju. Za sada &hellip;<\/p>\n","protected":false},"author":1,"featured_media":4898,"parent":0,"menu_order":0,"comment_status":"closed","ping_status":"closed","template":"","meta":{"_monsterinsights_skip_tracking":false,"_monsterinsights_sitenote_active":false,"_monsterinsights_sitenote_note":"","_monsterinsights_sitenote_category":0,"footnotes":""},"class_list":["post-4727","page","type-page","status-publish","has-post-thumbnail",""],"yoast_head":"<!-- This site is optimized with the Yoast SEO plugin v22.1 - https:\/\/yoast.com\/wordpress\/plugins\/seo\/ -->\n<title>Novasol - direct contacts of the accommodation owners - odabrano<\/title>\n<meta name=\"description\" content=\"Lista sa Novasol oznakama objekata i pripadaju\u0107im kontakt informacijama stvarnih vlasnika apartmana i ku\u0107a za odmor.\" \/>\n<meta name=\"robots\" content=\"index, follow, max-snippet:-1, max-image-preview:large, max-video-preview:-1\" \/>\n<link rel=\"canonical\" href=\"https:\/\/odabrano.com\/index.php\/novasol-direct-contacts-of-the-accommodation-owners\/\" \/>\n<meta property=\"og:locale\" content=\"en_US\" \/>\n<meta property=\"og:type\" content=\"article\" \/>\n<meta property=\"og:title\" content=\"Novasol - direct contacts of the accommodation owners - odabrano\" \/>\n<meta property=\"og:description\" content=\"Lista sa Novasol oznakama objekata i pripadaju\u0107im kontakt informacijama stvarnih vlasnika apartmana i ku\u0107a za odmor.\" \/>\n<meta property=\"og:url\" content=\"https:\/\/odabrano.com\/index.php\/novasol-direct-contacts-of-the-accommodation-owners\/\" \/>\n<meta property=\"og:site_name\" content=\"odabrano\" \/>\n<meta property=\"article:modified_time\" content=\"2024-10-24T13:52:38+00:00\" \/>\n<meta property=\"og:image\" content=\"http:\/\/odabrano.com\/wp-content\/uploads\/2024\/10\/dodir-mali.jpg\" \/>\n\t<meta property=\"og:image:width\" content=\"849\" \/>\n\t<meta property=\"og:image:height\" content=\"464\" \/>\n\t<meta property=\"og:image:type\" content=\"image\/jpeg\" \/>\n<meta name=\"twitter:card\" content=\"summary_large_image\" \/>\n<meta name=\"twitter:label1\" content=\"Est. reading time\" \/>\n\t<meta name=\"twitter:data1\" content=\"4 minutes\" \/>\n<script type=\"application\/ld+json\" class=\"yoast-schema-graph\">{\"@context\":\"https:\/\/schema.org\",\"@graph\":[{\"@type\":\"WebPage\",\"@id\":\"https:\/\/odabrano.com\/index.php\/novasol-direct-contacts-of-the-accommodation-owners\/\",\"url\":\"https:\/\/odabrano.com\/index.php\/novasol-direct-contacts-of-the-accommodation-owners\/\",\"name\":\"Novasol - direct contacts of the accommodation owners - odabrano\",\"isPartOf\":{\"@id\":\"https:\/\/odabrano.com\/#website\"},\"datePublished\":\"2024-09-27T11:27:22+00:00\",\"dateModified\":\"2024-10-24T13:52:38+00:00\",\"description\":\"Lista sa Novasol oznakama objekata i pripadaju\u0107im kontakt informacijama stvarnih vlasnika apartmana i ku\u0107a za odmor.\",\"breadcrumb\":{\"@id\":\"https:\/\/odabrano.com\/index.php\/novasol-direct-contacts-of-the-accommodation-owners\/#breadcrumb\"},\"inLanguage\":\"en-US\",\"potentialAction\":[{\"@type\":\"ReadAction\",\"target\":[\"https:\/\/odabrano.com\/index.php\/novasol-direct-contacts-of-the-accommodation-owners\/\"]}]},{\"@type\":\"BreadcrumbList\",\"@id\":\"https:\/\/odabrano.com\/index.php\/novasol-direct-contacts-of-the-accommodation-owners\/#breadcrumb\",\"itemListElement\":[{\"@type\":\"ListItem\",\"position\":1,\"name\":\"Home\",\"item\":\"https:\/\/odabrano.com\/\"},{\"@type\":\"ListItem\",\"position\":2,\"name\":\"Novasol &#8211; direct contacts of the accommodation owners\"}]},{\"@type\":\"WebSite\",\"@id\":\"https:\/\/odabrano.com\/#website\",\"url\":\"https:\/\/odabrano.com\/\",\"name\":\"odabrano\",\"description\":\"news portal koji nudi odabrane vijesti i informacije\",\"publisher\":{\"@id\":\"https:\/\/odabrano.com\/#\/schema\/person\/460f2b14657879743f23c4f6a7cd3236\"},\"alternateName\":\"vijesti i informacije iz Hrvatske i svijeta\",\"potentialAction\":[{\"@type\":\"SearchAction\",\"target\":{\"@type\":\"EntryPoint\",\"urlTemplate\":\"https:\/\/odabrano.com\/?s={search_term_string}\"},\"query-input\":\"required name=search_term_string\"}],\"inLanguage\":\"en-US\"},{\"@type\":[\"Person\",\"Organization\"],\"@id\":\"https:\/\/odabrano.com\/#\/schema\/person\/460f2b14657879743f23c4f6a7cd3236\",\"name\":\"admin\",\"image\":{\"@type\":\"ImageObject\",\"inLanguage\":\"en-US\",\"@id\":\"https:\/\/odabrano.com\/#\/schema\/person\/image\/\",\"url\":\"https:\/\/odabrano.com\/wp-content\/uploads\/2024\/04\/dolar.jpg\",\"contentUrl\":\"https:\/\/odabrano.com\/wp-content\/uploads\/2024\/04\/dolar.jpg\",\"width\":1216,\"height\":519,\"caption\":\"admin\"},\"logo\":{\"@id\":\"https:\/\/odabrano.com\/#\/schema\/person\/image\/\"},\"sameAs\":[\"http:\/\/odabrano.com\"]}]}<\/script>\n<!-- \/ Yoast SEO plugin. -->","yoast_head_json":{"title":"Novasol - direct contacts of the accommodation owners - odabrano","description":"Lista sa Novasol oznakama objekata i pripadaju\u0107im kontakt informacijama stvarnih vlasnika apartmana i ku\u0107a za odmor.","robots":{"index":"index","follow":"follow","max-snippet":"max-snippet:-1","max-image-preview":"max-image-preview:large","max-video-preview":"max-video-preview:-1"},"canonical":"https:\/\/odabrano.com\/index.php\/novasol-direct-contacts-of-the-accommodation-owners\/","og_locale":"en_US","og_type":"article","og_title":"Novasol - direct contacts of the accommodation owners - odabrano","og_description":"Lista sa Novasol oznakama objekata i pripadaju\u0107im kontakt informacijama stvarnih vlasnika apartmana i ku\u0107a za odmor.","og_url":"https:\/\/odabrano.com\/index.php\/novasol-direct-contacts-of-the-accommodation-owners\/","og_site_name":"odabrano","article_modified_time":"2024-10-24T13:52:38+00:00","og_image":[{"width":849,"height":464,"url":"http:\/\/odabrano.com\/wp-content\/uploads\/2024\/10\/dodir-mali.jpg","type":"image\/jpeg"}],"twitter_card":"summary_large_image","twitter_misc":{"Est. reading time":"4 minutes"},"schema":{"@context":"https:\/\/schema.org","@graph":[{"@type":"WebPage","@id":"https:\/\/odabrano.com\/index.php\/novasol-direct-contacts-of-the-accommodation-owners\/","url":"https:\/\/odabrano.com\/index.php\/novasol-direct-contacts-of-the-accommodation-owners\/","name":"Novasol - direct contacts of the accommodation owners - odabrano","isPartOf":{"@id":"https:\/\/odabrano.com\/#website"},"datePublished":"2024-09-27T11:27:22+00:00","dateModified":"2024-10-24T13:52:38+00:00","description":"Lista sa Novasol oznakama objekata i pripadaju\u0107im kontakt informacijama stvarnih vlasnika apartmana i ku\u0107a za odmor.","breadcrumb":{"@id":"https:\/\/odabrano.com\/index.php\/novasol-direct-contacts-of-the-accommodation-owners\/#breadcrumb"},"inLanguage":"en-US","potentialAction":[{"@type":"ReadAction","target":["https:\/\/odabrano.com\/index.php\/novasol-direct-contacts-of-the-accommodation-owners\/"]}]},{"@type":"BreadcrumbList","@id":"https:\/\/odabrano.com\/index.php\/novasol-direct-contacts-of-the-accommodation-owners\/#breadcrumb","itemListElement":[{"@type":"ListItem","position":1,"name":"Home","item":"https:\/\/odabrano.com\/"},{"@type":"ListItem","position":2,"name":"Novasol &#8211; direct contacts of the accommodation owners"}]},{"@type":"WebSite","@id":"https:\/\/odabrano.com\/#website","url":"https:\/\/odabrano.com\/","name":"odabrano","description":"news portal koji nudi odabrane vijesti i informacije","publisher":{"@id":"https:\/\/odabrano.com\/#\/schema\/person\/460f2b14657879743f23c4f6a7cd3236"},"alternateName":"vijesti i informacije iz Hrvatske i svijeta","potentialAction":[{"@type":"SearchAction","target":{"@type":"EntryPoint","urlTemplate":"https:\/\/odabrano.com\/?s={search_term_string}"},"query-input":"required name=search_term_string"}],"inLanguage":"en-US"},{"@type":["Person","Organization"],"@id":"https:\/\/odabrano.com\/#\/schema\/person\/460f2b14657879743f23c4f6a7cd3236","name":"admin","image":{"@type":"ImageObject","inLanguage":"en-US","@id":"https:\/\/odabrano.com\/#\/schema\/person\/image\/","url":"https:\/\/odabrano.com\/wp-content\/uploads\/2024\/04\/dolar.jpg","contentUrl":"https:\/\/odabrano.com\/wp-content\/uploads\/2024\/04\/dolar.jpg","width":1216,"height":519,"caption":"admin"},"logo":{"@id":"https:\/\/odabrano.com\/#\/schema\/person\/image\/"},"sameAs":["http:\/\/odabrano.com"]}]}},"_links":{"self":[{"href":"https:\/\/odabrano.com\/index.php\/wp-json\/wp\/v2\/pages\/4727","targetHints":{"allow":["GET"]}}],"collection":[{"href":"https:\/\/odabrano.com\/index.php\/wp-json\/wp\/v2\/pages"}],"about":[{"href":"https:\/\/odabrano.com\/index.php\/wp-json\/wp\/v2\/types\/page"}],"author":[{"embeddable":true,"href":"https:\/\/odabrano.com\/index.php\/wp-json\/wp\/v2\/users\/1"}],"replies":[{"embeddable":true,"href":"https:\/\/odabrano.com\/index.php\/wp-json\/wp\/v2\/comments?post=4727"}],"version-history":[{"count":111,"href":"https:\/\/odabrano.com\/index.php\/wp-json\/wp\/v2\/pages\/4727\/revisions"}],"predecessor-version":[{"id":5178,"href":"https:\/\/odabrano.com\/index.php\/wp-json\/wp\/v2\/pages\/4727\/revisions\/5178"}],"wp:featuredmedia":[{"embeddable":true,"href":"https:\/\/odabrano.com\/index.php\/wp-json\/wp\/v2\/media\/4898"}],"wp:attachment":[{"href":"https:\/\/odabrano.com\/index.php\/wp-json\/wp\/v2\/media?parent=4727"}],"curies":[{"name":"wp","href":"https:\/\/api.w.org\/{rel}","templated":true}]}}