{"id":3343,"date":"2024-06-01T04:03:47","date_gmt":"2024-06-01T02:03:47","guid":{"rendered":"http:\/\/odabrano.com\/?page_id=3343"},"modified":"2024-10-03T17:47:54","modified_gmt":"2024-10-03T15:47:54","slug":"vrijeme","status":"publish","type":"page","link":"https:\/\/odabrano.com\/index.php\/vrijeme\/","title":{"rendered":"Vrijeme"},"content":{"rendered":"<p><strong>Karta sa prikazom ki\u0161e:<\/strong><\/p>\n\n\n<p><iframe src=\"https:\/\/www.rainviewer.com\/map.html?loc=44.4371,15.9713,6&amp;oC=true&amp;oCS=1&amp;c=3&amp;o=83&amp;lm=1&amp;layer=radar&amp;sm=1&amp;sn=1\" width=\"100%\" frameborder=\"0\" style=\"border:0;height:50vh;\" allowfullscreen=\"\"><\/iframe><\/p>\n\n\n\n<p><strong><mark style=\"background-color:rgba(0, 0, 0, 0)\" class=\"has-inline-color has-black-color\"><\/mark><\/strong><\/p>\n\n\n\n<figure class=\"wp-block-table\"><table><tbody><tr><td><a href=\"https:\/\/api.hrt.hr\/media\/hrtprognoza\/vrijeme12.mp4\" target=\"_blank\" rel=\"noreferrer noopener\"><img decoding=\"async\" src=\"http:\/\/odabrano.com\/wp-content\/uploads\/2024\/06\/dnevnik1.webp\" alt=\"Image 1\"><\/a><\/td><td><a href=\"https:\/\/api.hrt.hr\/media\/hrtprognoza\/vrijeme19.mp4\" target=\"_blank\" rel=\"noreferrer noopener\"><img decoding=\"async\" src=\"http:\/\/odabrano.com\/wp-content\/uploads\/2024\/06\/pridnevnika.webp\" alt=\"Image 1\"><\/a><\/td><\/tr><tr><td><a href=\"https:\/\/api.hrt.hr\/media\/hrtprognoza\/vrijeme20.mp4\" target=\"_blank\" rel=\"noreferrer noopener\"><img decoding=\"async\" src=\"http:\/\/odabrano.com\/wp-content\/uploads\/2024\/06\/dnevnik-1.webp\" alt=\"Image 1\"><\/a><\/td><td><a href=\"https:\/\/api.hrt.hr\/media\/hrtprognoza\/vrijeme-hr.mp4\" target=\"_blank\" rel=\"noreferrer noopener\"><img decoding=\"async\" src=\"http:\/\/odabrano.com\/wp-content\/uploads\/2024\/06\/hrvatska.webp\" alt=\"Image 2\"><\/a><\/td><\/tr><tr><td><a href=\"https:\/\/api.hrt.hr\/media\/hrtprognoza\/vrijeme-eu.mp4\" target=\"_blank\" rel=\"noreferrer noopener\"><img decoding=\"async\" src=\"http:\/\/odabrano.com\/wp-content\/uploads\/2024\/06\/europa.webp\" alt=\"Image 1\"><\/a><\/td><td><a href=\"https:\/\/api.hrt.hr\/media\/hrtprognoza\/vrijeme-sv.mp4\" target=\"_blank\" rel=\"noreferrer noopener\"><img decoding=\"async\" src=\"http:\/\/odabrano.com\/wp-content\/uploads\/2024\/06\/svijet.webp\" alt=\"Image 2\"><\/a><\/td><\/tr><\/tbody><\/table><\/figure>\n\n\n\n<h1 class=\"wp-block-heading\"><a href=\"https:\/\/zoom.earth\/maps\/satellite\/#view=44.1685,16.1537,7z\">Satelitska slika Evrope u\u017eivo<\/a><\/h1>\n\n\n\n<h1 class=\"wp-block-heading\"><a href=\"https:\/\/www.lightningmaps.org\/?lang=en#y=44.7779;x=16.9904;z=7;t=3;m=oss;r=0;s=0;o=0;b=0.00;n=0;d=2;dl=2;dc=0;ts=0;\">Grmljavine, munje i gromovi<\/a><\/h1>\n\n\n\n<p><div style=\"display:block!important;position:relative!important;max-width:177.778vh!important;margin:auto!important;padding:0!important;border:0!important\"><div style=\"display:block!important;position:relative!important;width:100%!important;height:0!important;box-sizing:content-box!important;margin:0!important;border:0!important;padding:0 0 56.25%!important;left:0!important;top:0!important;right:0!important;bottom:0!important\"><iframe src=\"https:\/\/embed.ventusky.com\/?p=43.96;15.69;6&#038;l=temperature-2m\" style=\"display:block!important;position:absolute!important;left:0!important;top:0!important;width:100%!important;height:100%!important;margin:0!important;padding:0!important;border:0!important;right:auto!important;bottom:auto!important\" loading=\"lazy\"><\/iframe><\/div><\/div><\/p>\n\n\n\n<h1 class=\"wp-block-heading\"><a href=\"https:\/\/www.ventusky.com\/?p=44.53;16.17;6&amp;l=temperature-2m\">Vremenska karta informacije<\/a><\/h1>\n\n\n\n<p><strong>Zanimljivosti: <\/strong><\/p>\n\n\n\n<p>Pro\u0161le 2023. godine, najvi\u0161a zabilje\u017eena temperatura u Hrvatskoj bila je 40,1 \u00b0C, izmjerena 19. srpnja 2023. godine u <strong>Kninu<\/strong>.<\/p>\n\n\n\n<p><strong>Split<\/strong> &#8211; 36,7 \u00b0C, izmjereno tako\u0111er 19. srpnja 2023. godine.<\/p>\n\n\n\n<p><strong>Zagreb <\/strong>&#8211; 39,4 \u00b0C, 22. srpnja 2023. godine.<\/p>\n\n\n\n<p><strong>Rijeka <\/strong>&#8211; 38,6 \u00b0C, 20. srpnja 2023. godine.<\/p>\n\n\n\n<p><strong>Osijek <\/strong>&#8211; 39,2 \u00b0C, 21. srpnja 2023. godine.<\/p>\n\n\n\n<p><\/p>\n","protected":false},"excerpt":{"rendered":"<p>Karta sa prikazom ki\u0161e: Satelitska slika Evrope u\u017eivo Grmljavine, munje i gromovi Vremenska karta informacije Zanimljivosti: Pro\u0161le 2023. godine, najvi\u0161a zabilje\u017eena temperatura u Hrvatskoj bila je 40,1 \u00b0C, izmjerena 19. srpnja 2023. godine u Kninu. Split &#8211; 36,7 \u00b0C, izmjereno tako\u0111er 19. srpnja 2023. godine. Zagreb &#8211; 39,4 \u00b0C, 22. srpnja 2023. godine. Rijeka &#8211; &hellip;<\/p>\n","protected":false},"author":1,"featured_media":0,"parent":0,"menu_order":0,"comment_status":"closed","ping_status":"closed","template":"","meta":{"_monsterinsights_skip_tracking":false,"_monsterinsights_sitenote_active":false,"_monsterinsights_sitenote_note":"","_monsterinsights_sitenote_category":0,"footnotes":""},"class_list":["post-3343","page","type-page","status-publish",""],"yoast_head":"<!-- This site is optimized with the Yoast SEO plugin v22.1 - https:\/\/yoast.com\/wordpress\/plugins\/seo\/ -->\n<title>Vrijeme - odabrano<\/title>\n<meta name=\"robots\" content=\"index, follow, max-snippet:-1, max-image-preview:large, max-video-preview:-1\" \/>\n<link rel=\"canonical\" href=\"https:\/\/odabrano.com\/index.php\/vrijeme\/\" \/>\n<meta property=\"og:locale\" content=\"en_US\" \/>\n<meta property=\"og:type\" content=\"article\" \/>\n<meta property=\"og:title\" content=\"Vrijeme - odabrano\" \/>\n<meta property=\"og:description\" content=\"Karta sa prikazom ki\u0161e: Satelitska slika Evrope u\u017eivo Grmljavine, munje i gromovi Vremenska karta informacije Zanimljivosti: Pro\u0161le 2023. godine, najvi\u0161a zabilje\u017eena temperatura u Hrvatskoj bila je 40,1 \u00b0C, izmjerena 19. srpnja 2023. godine u Kninu. Split &#8211; 36,7 \u00b0C, izmjereno tako\u0111er 19. srpnja 2023. godine. Zagreb &#8211; 39,4 \u00b0C, 22. srpnja 2023. godine. Rijeka &#8211; &hellip;\" \/>\n<meta property=\"og:url\" content=\"https:\/\/odabrano.com\/index.php\/vrijeme\/\" \/>\n<meta property=\"og:site_name\" content=\"odabrano\" \/>\n<meta property=\"article:modified_time\" content=\"2024-10-03T15:47:54+00:00\" \/>\n<meta property=\"og:image\" content=\"http:\/\/odabrano.com\/wp-content\/uploads\/2024\/06\/dnevnik1.webp\" \/>\n<meta name=\"twitter:card\" content=\"summary_large_image\" \/>\n<meta name=\"twitter:label1\" content=\"Est. reading time\" \/>\n\t<meta name=\"twitter:data1\" content=\"2 minutes\" \/>\n<script type=\"application\/ld+json\" class=\"yoast-schema-graph\">{\"@context\":\"https:\/\/schema.org\",\"@graph\":[{\"@type\":\"WebPage\",\"@id\":\"https:\/\/odabrano.com\/index.php\/vrijeme\/\",\"url\":\"https:\/\/odabrano.com\/index.php\/vrijeme\/\",\"name\":\"Vrijeme - odabrano\",\"isPartOf\":{\"@id\":\"https:\/\/odabrano.com\/#website\"},\"datePublished\":\"2024-06-01T02:03:47+00:00\",\"dateModified\":\"2024-10-03T15:47:54+00:00\",\"breadcrumb\":{\"@id\":\"https:\/\/odabrano.com\/index.php\/vrijeme\/#breadcrumb\"},\"inLanguage\":\"en-US\",\"potentialAction\":[{\"@type\":\"ReadAction\",\"target\":[\"https:\/\/odabrano.com\/index.php\/vrijeme\/\"]}]},{\"@type\":\"BreadcrumbList\",\"@id\":\"https:\/\/odabrano.com\/index.php\/vrijeme\/#breadcrumb\",\"itemListElement\":[{\"@type\":\"ListItem\",\"position\":1,\"name\":\"Home\",\"item\":\"https:\/\/odabrano.com\/\"},{\"@type\":\"ListItem\",\"position\":2,\"name\":\"Vrijeme\"}]},{\"@type\":\"WebSite\",\"@id\":\"https:\/\/odabrano.com\/#website\",\"url\":\"https:\/\/odabrano.com\/\",\"name\":\"odabrano\",\"description\":\"news portal koji nudi odabrane vijesti i informacije\",\"publisher\":{\"@id\":\"https:\/\/odabrano.com\/#\/schema\/person\/460f2b14657879743f23c4f6a7cd3236\"},\"alternateName\":\"vijesti i informacije iz Hrvatske i svijeta\",\"potentialAction\":[{\"@type\":\"SearchAction\",\"target\":{\"@type\":\"EntryPoint\",\"urlTemplate\":\"https:\/\/odabrano.com\/?s={search_term_string}\"},\"query-input\":\"required name=search_term_string\"}],\"inLanguage\":\"en-US\"},{\"@type\":[\"Person\",\"Organization\"],\"@id\":\"https:\/\/odabrano.com\/#\/schema\/person\/460f2b14657879743f23c4f6a7cd3236\",\"name\":\"admin\",\"image\":{\"@type\":\"ImageObject\",\"inLanguage\":\"en-US\",\"@id\":\"https:\/\/odabrano.com\/#\/schema\/person\/image\/\",\"url\":\"https:\/\/odabrano.com\/wp-content\/uploads\/2024\/04\/dolar.jpg\",\"contentUrl\":\"https:\/\/odabrano.com\/wp-content\/uploads\/2024\/04\/dolar.jpg\",\"width\":1216,\"height\":519,\"caption\":\"admin\"},\"logo\":{\"@id\":\"https:\/\/odabrano.com\/#\/schema\/person\/image\/\"},\"sameAs\":[\"http:\/\/odabrano.com\"]}]}<\/script>\n<!-- \/ Yoast SEO plugin. -->","yoast_head_json":{"title":"Vrijeme - odabrano","robots":{"index":"index","follow":"follow","max-snippet":"max-snippet:-1","max-image-preview":"max-image-preview:large","max-video-preview":"max-video-preview:-1"},"canonical":"https:\/\/odabrano.com\/index.php\/vrijeme\/","og_locale":"en_US","og_type":"article","og_title":"Vrijeme - odabrano","og_description":"Karta sa prikazom ki\u0161e: Satelitska slika Evrope u\u017eivo Grmljavine, munje i gromovi Vremenska karta informacije Zanimljivosti: Pro\u0161le 2023. godine, najvi\u0161a zabilje\u017eena temperatura u Hrvatskoj bila je 40,1 \u00b0C, izmjerena 19. srpnja 2023. godine u Kninu. Split &#8211; 36,7 \u00b0C, izmjereno tako\u0111er 19. srpnja 2023. godine. Zagreb &#8211; 39,4 \u00b0C, 22. srpnja 2023. godine. Rijeka &#8211; &hellip;","og_url":"https:\/\/odabrano.com\/index.php\/vrijeme\/","og_site_name":"odabrano","article_modified_time":"2024-10-03T15:47:54+00:00","og_image":[{"url":"http:\/\/odabrano.com\/wp-content\/uploads\/2024\/06\/dnevnik1.webp"}],"twitter_card":"summary_large_image","twitter_misc":{"Est. reading time":"2 minutes"},"schema":{"@context":"https:\/\/schema.org","@graph":[{"@type":"WebPage","@id":"https:\/\/odabrano.com\/index.php\/vrijeme\/","url":"https:\/\/odabrano.com\/index.php\/vrijeme\/","name":"Vrijeme - odabrano","isPartOf":{"@id":"https:\/\/odabrano.com\/#website"},"datePublished":"2024-06-01T02:03:47+00:00","dateModified":"2024-10-03T15:47:54+00:00","breadcrumb":{"@id":"https:\/\/odabrano.com\/index.php\/vrijeme\/#breadcrumb"},"inLanguage":"en-US","potentialAction":[{"@type":"ReadAction","target":["https:\/\/odabrano.com\/index.php\/vrijeme\/"]}]},{"@type":"BreadcrumbList","@id":"https:\/\/odabrano.com\/index.php\/vrijeme\/#breadcrumb","itemListElement":[{"@type":"ListItem","position":1,"name":"Home","item":"https:\/\/odabrano.com\/"},{"@type":"ListItem","position":2,"name":"Vrijeme"}]},{"@type":"WebSite","@id":"https:\/\/odabrano.com\/#website","url":"https:\/\/odabrano.com\/","name":"odabrano","description":"news portal koji nudi odabrane vijesti i informacije","publisher":{"@id":"https:\/\/odabrano.com\/#\/schema\/person\/460f2b14657879743f23c4f6a7cd3236"},"alternateName":"vijesti i informacije iz Hrvatske i svijeta","potentialAction":[{"@type":"SearchAction","target":{"@type":"EntryPoint","urlTemplate":"https:\/\/odabrano.com\/?s={search_term_string}"},"query-input":"required name=search_term_string"}],"inLanguage":"en-US"},{"@type":["Person","Organization"],"@id":"https:\/\/odabrano.com\/#\/schema\/person\/460f2b14657879743f23c4f6a7cd3236","name":"admin","image":{"@type":"ImageObject","inLanguage":"en-US","@id":"https:\/\/odabrano.com\/#\/schema\/person\/image\/","url":"https:\/\/odabrano.com\/wp-content\/uploads\/2024\/04\/dolar.jpg","contentUrl":"https:\/\/odabrano.com\/wp-content\/uploads\/2024\/04\/dolar.jpg","width":1216,"height":519,"caption":"admin"},"logo":{"@id":"https:\/\/odabrano.com\/#\/schema\/person\/image\/"},"sameAs":["http:\/\/odabrano.com"]}]}},"_links":{"self":[{"href":"https:\/\/odabrano.com\/index.php\/wp-json\/wp\/v2\/pages\/3343","targetHints":{"allow":["GET"]}}],"collection":[{"href":"https:\/\/odabrano.com\/index.php\/wp-json\/wp\/v2\/pages"}],"about":[{"href":"https:\/\/odabrano.com\/index.php\/wp-json\/wp\/v2\/types\/page"}],"author":[{"embeddable":true,"href":"https:\/\/odabrano.com\/index.php\/wp-json\/wp\/v2\/users\/1"}],"replies":[{"embeddable":true,"href":"https:\/\/odabrano.com\/index.php\/wp-json\/wp\/v2\/comments?post=3343"}],"version-history":[{"count":90,"href":"https:\/\/odabrano.com\/index.php\/wp-json\/wp\/v2\/pages\/3343\/revisions"}],"predecessor-version":[{"id":4903,"href":"https:\/\/odabrano.com\/index.php\/wp-json\/wp\/v2\/pages\/3343\/revisions\/4903"}],"wp:attachment":[{"href":"https:\/\/odabrano.com\/index.php\/wp-json\/wp\/v2\/media?parent=3343"}],"curies":[{"name":"wp","href":"https:\/\/api.w.org\/{rel}","templated":true}]}}