{"id":2662,"date":"2024-05-13T12:19:15","date_gmt":"2024-05-13T10:19:15","guid":{"rendered":"http:\/\/odabrano.com\/?page_id=2662"},"modified":"2024-05-13T12:19:15","modified_gmt":"2024-05-13T10:19:15","slug":"znate-li-sto-je-tahini","status":"publish","type":"page","link":"https:\/\/odabrano.com\/index.php\/znate-li-sto-je-tahini\/","title":{"rendered":"Znate li \u0161to je tahini?"},"content":{"rendered":"<p>Tahini je odavno poznat kuharskim entuzijastima i svjetskim putnicima, a osobito zaljubljenicima u bliskoisto\u010dnu kuhinju. Ipak, prosje\u010dnoj publici u Hrvatskoj uglavnom je nepoznat.<\/p>\n<p>Tahini je pasta od sjemenki sezama, koja je jedan od osnovnih sastojaka namaza od slanutka poznatog pod imenom humus.<\/p>\n<p>Vrlo \u010dest je i sastojak raznih umaka i dresinga.<\/p>\n<p>Tahini pastu mo\u017eete napraviti i sami tako \u0161to \u0107ete najprije na suhoj tavi tostirati sjemenke sezama, a zatim ih miksati u multipraktiku skupa s malo soli i s maslinovim uljem. Ulje dodajete malo pomalo, dok ne dobijete gustu, ali teku\u0107u pastu.<\/p>\n<p>Dobra vijest je da nam je tahini \u0161iroko dostupan u supermarketima zahvaljuju\u0107i proizvo\u0111a\u010du Sana delikatese, koji ga proizvodi u svojoj partnerskoj tvornici u Izraelu po originalnoj recepturi.<\/p>\n<p>Sana tahini iznimno je ukusan. Naime, kod kupovnog tahinija to nije uvijek slu\u010daj. Lo\u0161 tahini zna biti gorak, strukture kao da jedete kredu. Dobar tahini mora biti umjereno ora\u0161astog okusa, kremast, bogate teksture kao mekani maslac od ora\u0161astih plodova i blago slan. Sana tahini ipak nije slan, \u0161to zapravo uop\u0107e nije lo\u0161e jer ga se mo\u017ee upotrijebiti i u slasticama. Najpoznatija slastica u koju ide tahini jest halva.<\/p>\n<p>Svoj doma\u0107i ili kupovni tahini mo\u017eete umije\u0161ati i u kremaste kola\u010de, zobene ka\u0161e, keksi\u0107e ili banana bread.<\/p>\n\n\n<figure class=\"wp-block-image size-large\"><img decoding=\"async\" src=\"https:\/\/jedemdoma.hr\/wp-content\/uploads\/2021\/12\/Tahini-Paste-2-cropped.jpg\" alt=\"\"\/><\/figure>\n","protected":false},"excerpt":{"rendered":"<p>Tahini je odavno poznat kuharskim entuzijastima i svjetskim putnicima, a osobito zaljubljenicima u bliskoisto\u010dnu kuhinju. Ipak, prosje\u010dnoj publici u Hrvatskoj uglavnom je nepoznat. Tahini je pasta od sjemenki sezama, koja je jedan od osnovnih sastojaka namaza od slanutka poznatog pod imenom humus. Vrlo \u010dest je i sastojak raznih umaka i dresinga. Tahini pastu mo\u017eete napraviti &hellip;<\/p>\n","protected":false},"author":1,"featured_media":0,"parent":0,"menu_order":0,"comment_status":"closed","ping_status":"closed","template":"","meta":{"_monsterinsights_skip_tracking":false,"_monsterinsights_sitenote_active":false,"_monsterinsights_sitenote_note":"","_monsterinsights_sitenote_category":0,"footnotes":""},"class_list":["post-2662","page","type-page","status-publish",""],"yoast_head":"<!-- This site is optimized with the Yoast SEO plugin v22.1 - https:\/\/yoast.com\/wordpress\/plugins\/seo\/ -->\n<title>Znate li \u0161to je tahini? - odabrano<\/title>\n<meta name=\"robots\" content=\"index, follow, max-snippet:-1, max-image-preview:large, max-video-preview:-1\" \/>\n<link rel=\"canonical\" href=\"https:\/\/odabrano.com\/index.php\/znate-li-sto-je-tahini\/\" \/>\n<meta property=\"og:locale\" content=\"en_US\" \/>\n<meta property=\"og:type\" content=\"article\" \/>\n<meta property=\"og:title\" content=\"Znate li \u0161to je tahini? - odabrano\" \/>\n<meta property=\"og:description\" content=\"Tahini je odavno poznat kuharskim entuzijastima i svjetskim putnicima, a osobito zaljubljenicima u bliskoisto\u010dnu kuhinju. Ipak, prosje\u010dnoj publici u Hrvatskoj uglavnom je nepoznat. Tahini je pasta od sjemenki sezama, koja je jedan od osnovnih sastojaka namaza od slanutka poznatog pod imenom humus. Vrlo \u010dest je i sastojak raznih umaka i dresinga. Tahini pastu mo\u017eete napraviti &hellip;\" \/>\n<meta property=\"og:url\" content=\"https:\/\/odabrano.com\/index.php\/znate-li-sto-je-tahini\/\" \/>\n<meta property=\"og:site_name\" content=\"odabrano\" \/>\n<meta property=\"og:image\" content=\"https:\/\/jedemdoma.hr\/wp-content\/uploads\/2021\/12\/Tahini-Paste-2-cropped.jpg\" \/>\n<meta name=\"twitter:card\" content=\"summary_large_image\" \/>\n<meta name=\"twitter:label1\" content=\"Est. reading time\" \/>\n\t<meta name=\"twitter:data1\" content=\"2 minutes\" \/>\n<script type=\"application\/ld+json\" class=\"yoast-schema-graph\">{\"@context\":\"https:\/\/schema.org\",\"@graph\":[{\"@type\":\"WebPage\",\"@id\":\"https:\/\/odabrano.com\/index.php\/znate-li-sto-je-tahini\/\",\"url\":\"https:\/\/odabrano.com\/index.php\/znate-li-sto-je-tahini\/\",\"name\":\"Znate li \u0161to je tahini? - odabrano\",\"isPartOf\":{\"@id\":\"https:\/\/odabrano.com\/#website\"},\"datePublished\":\"2024-05-13T10:19:15+00:00\",\"dateModified\":\"2024-05-13T10:19:15+00:00\",\"breadcrumb\":{\"@id\":\"https:\/\/odabrano.com\/index.php\/znate-li-sto-je-tahini\/#breadcrumb\"},\"inLanguage\":\"en-US\",\"potentialAction\":[{\"@type\":\"ReadAction\",\"target\":[\"https:\/\/odabrano.com\/index.php\/znate-li-sto-je-tahini\/\"]}]},{\"@type\":\"BreadcrumbList\",\"@id\":\"https:\/\/odabrano.com\/index.php\/znate-li-sto-je-tahini\/#breadcrumb\",\"itemListElement\":[{\"@type\":\"ListItem\",\"position\":1,\"name\":\"Home\",\"item\":\"https:\/\/odabrano.com\/\"},{\"@type\":\"ListItem\",\"position\":2,\"name\":\"Znate li \u0161to je tahini?\"}]},{\"@type\":\"WebSite\",\"@id\":\"https:\/\/odabrano.com\/#website\",\"url\":\"https:\/\/odabrano.com\/\",\"name\":\"odabrano\",\"description\":\"news portal koji nudi odabrane vijesti i informacije\",\"publisher\":{\"@id\":\"https:\/\/odabrano.com\/#\/schema\/person\/460f2b14657879743f23c4f6a7cd3236\"},\"alternateName\":\"vijesti i informacije iz Hrvatske i svijeta\",\"potentialAction\":[{\"@type\":\"SearchAction\",\"target\":{\"@type\":\"EntryPoint\",\"urlTemplate\":\"https:\/\/odabrano.com\/?s={search_term_string}\"},\"query-input\":\"required name=search_term_string\"}],\"inLanguage\":\"en-US\"},{\"@type\":[\"Person\",\"Organization\"],\"@id\":\"https:\/\/odabrano.com\/#\/schema\/person\/460f2b14657879743f23c4f6a7cd3236\",\"name\":\"admin\",\"image\":{\"@type\":\"ImageObject\",\"inLanguage\":\"en-US\",\"@id\":\"https:\/\/odabrano.com\/#\/schema\/person\/image\/\",\"url\":\"https:\/\/odabrano.com\/wp-content\/uploads\/2024\/04\/dolar.jpg\",\"contentUrl\":\"https:\/\/odabrano.com\/wp-content\/uploads\/2024\/04\/dolar.jpg\",\"width\":1216,\"height\":519,\"caption\":\"admin\"},\"logo\":{\"@id\":\"https:\/\/odabrano.com\/#\/schema\/person\/image\/\"},\"sameAs\":[\"http:\/\/odabrano.com\"]}]}<\/script>\n<!-- \/ Yoast SEO plugin. -->","yoast_head_json":{"title":"Znate li \u0161to je tahini? - odabrano","robots":{"index":"index","follow":"follow","max-snippet":"max-snippet:-1","max-image-preview":"max-image-preview:large","max-video-preview":"max-video-preview:-1"},"canonical":"https:\/\/odabrano.com\/index.php\/znate-li-sto-je-tahini\/","og_locale":"en_US","og_type":"article","og_title":"Znate li \u0161to je tahini? - odabrano","og_description":"Tahini je odavno poznat kuharskim entuzijastima i svjetskim putnicima, a osobito zaljubljenicima u bliskoisto\u010dnu kuhinju. Ipak, prosje\u010dnoj publici u Hrvatskoj uglavnom je nepoznat. Tahini je pasta od sjemenki sezama, koja je jedan od osnovnih sastojaka namaza od slanutka poznatog pod imenom humus. Vrlo \u010dest je i sastojak raznih umaka i dresinga. Tahini pastu mo\u017eete napraviti &hellip;","og_url":"https:\/\/odabrano.com\/index.php\/znate-li-sto-je-tahini\/","og_site_name":"odabrano","og_image":[{"url":"https:\/\/jedemdoma.hr\/wp-content\/uploads\/2021\/12\/Tahini-Paste-2-cropped.jpg"}],"twitter_card":"summary_large_image","twitter_misc":{"Est. reading time":"2 minutes"},"schema":{"@context":"https:\/\/schema.org","@graph":[{"@type":"WebPage","@id":"https:\/\/odabrano.com\/index.php\/znate-li-sto-je-tahini\/","url":"https:\/\/odabrano.com\/index.php\/znate-li-sto-je-tahini\/","name":"Znate li \u0161to je tahini? - odabrano","isPartOf":{"@id":"https:\/\/odabrano.com\/#website"},"datePublished":"2024-05-13T10:19:15+00:00","dateModified":"2024-05-13T10:19:15+00:00","breadcrumb":{"@id":"https:\/\/odabrano.com\/index.php\/znate-li-sto-je-tahini\/#breadcrumb"},"inLanguage":"en-US","potentialAction":[{"@type":"ReadAction","target":["https:\/\/odabrano.com\/index.php\/znate-li-sto-je-tahini\/"]}]},{"@type":"BreadcrumbList","@id":"https:\/\/odabrano.com\/index.php\/znate-li-sto-je-tahini\/#breadcrumb","itemListElement":[{"@type":"ListItem","position":1,"name":"Home","item":"https:\/\/odabrano.com\/"},{"@type":"ListItem","position":2,"name":"Znate li \u0161to je tahini?"}]},{"@type":"WebSite","@id":"https:\/\/odabrano.com\/#website","url":"https:\/\/odabrano.com\/","name":"odabrano","description":"news portal koji nudi odabrane vijesti i informacije","publisher":{"@id":"https:\/\/odabrano.com\/#\/schema\/person\/460f2b14657879743f23c4f6a7cd3236"},"alternateName":"vijesti i informacije iz Hrvatske i svijeta","potentialAction":[{"@type":"SearchAction","target":{"@type":"EntryPoint","urlTemplate":"https:\/\/odabrano.com\/?s={search_term_string}"},"query-input":"required name=search_term_string"}],"inLanguage":"en-US"},{"@type":["Person","Organization"],"@id":"https:\/\/odabrano.com\/#\/schema\/person\/460f2b14657879743f23c4f6a7cd3236","name":"admin","image":{"@type":"ImageObject","inLanguage":"en-US","@id":"https:\/\/odabrano.com\/#\/schema\/person\/image\/","url":"https:\/\/odabrano.com\/wp-content\/uploads\/2024\/04\/dolar.jpg","contentUrl":"https:\/\/odabrano.com\/wp-content\/uploads\/2024\/04\/dolar.jpg","width":1216,"height":519,"caption":"admin"},"logo":{"@id":"https:\/\/odabrano.com\/#\/schema\/person\/image\/"},"sameAs":["http:\/\/odabrano.com"]}]}},"_links":{"self":[{"href":"https:\/\/odabrano.com\/index.php\/wp-json\/wp\/v2\/pages\/2662","targetHints":{"allow":["GET"]}}],"collection":[{"href":"https:\/\/odabrano.com\/index.php\/wp-json\/wp\/v2\/pages"}],"about":[{"href":"https:\/\/odabrano.com\/index.php\/wp-json\/wp\/v2\/types\/page"}],"author":[{"embeddable":true,"href":"https:\/\/odabrano.com\/index.php\/wp-json\/wp\/v2\/users\/1"}],"replies":[{"embeddable":true,"href":"https:\/\/odabrano.com\/index.php\/wp-json\/wp\/v2\/comments?post=2662"}],"version-history":[{"count":1,"href":"https:\/\/odabrano.com\/index.php\/wp-json\/wp\/v2\/pages\/2662\/revisions"}],"predecessor-version":[{"id":2663,"href":"https:\/\/odabrano.com\/index.php\/wp-json\/wp\/v2\/pages\/2662\/revisions\/2663"}],"wp:attachment":[{"href":"https:\/\/odabrano.com\/index.php\/wp-json\/wp\/v2\/media?parent=2662"}],"curies":[{"name":"wp","href":"https:\/\/api.w.org\/{rel}","templated":true}]}}