{"id":14,"date":"2024-02-21T13:47:11","date_gmt":"2024-02-21T13:47:11","guid":{"rendered":"http:\/\/odabrano.com\/index.php\/home\/"},"modified":"2025-04-11T12:10:00","modified_gmt":"2025-04-11T10:10:00","slug":"home","status":"publish","type":"page","link":"https:\/\/odabrano.com\/index.php\/home\/","title":{"rendered":"Home"},"content":{"rendered":"","protected":false},"excerpt":{"rendered":"","protected":false},"author":1,"featured_media":0,"parent":0,"menu_order":0,"comment_status":"closed","ping_status":"closed","template":"","meta":{"_monsterinsights_skip_tracking":false,"_monsterinsights_sitenote_active":false,"_monsterinsights_sitenote_note":"","_monsterinsights_sitenote_category":0,"footnotes":""},"class_list":["post-14","page","type-page","status-publish",""],"yoast_head":"<!-- This site is optimized with the Yoast SEO plugin v22.1 - https:\/\/yoast.com\/wordpress\/plugins\/seo\/ -->\n<title>Home - odabrano<\/title>\n<meta name=\"description\" content=\"Turisti\u010dki smje\u0161taj u prekrasnoj mediteranskoj regiji Dalmaciji nudi se u velikom izboru. Mo\u017eete birati izme\u0111u apartmana, obiteljskih hotela ili jeftinijeg smje\u0161taja poput kampinga, a pritom u\u017eivati u ljepotama ovog podru\u010dja.\" \/>\n<meta name=\"robots\" content=\"index, follow, max-snippet:-1, max-image-preview:large, max-video-preview:-1\" \/>\n<link rel=\"canonical\" href=\"https:\/\/odabrano.com\/index.php\/home\/\" \/>\n<meta property=\"og:locale\" content=\"en_US\" \/>\n<meta property=\"og:type\" content=\"article\" \/>\n<meta property=\"og:title\" content=\"Home - odabrano\" \/>\n<meta property=\"og:description\" content=\"Turisti\u010dki smje\u0161taj u prekrasnoj mediteranskoj regiji Dalmaciji nudi se u velikom izboru. Mo\u017eete birati izme\u0111u apartmana, obiteljskih hotela ili jeftinijeg smje\u0161taja poput kampinga, a pritom u\u017eivati u ljepotama ovog podru\u010dja.\" \/>\n<meta property=\"og:url\" content=\"https:\/\/odabrano.com\/index.php\/home\/\" \/>\n<meta property=\"og:site_name\" content=\"odabrano\" \/>\n<meta property=\"article:modified_time\" content=\"2025-04-11T10:10:00+00:00\" \/>\n<meta name=\"twitter:card\" content=\"summary_large_image\" \/>\n<script type=\"application\/ld+json\" class=\"yoast-schema-graph\">{\"@context\":\"https:\/\/schema.org\",\"@graph\":[{\"@type\":\"WebPage\",\"@id\":\"https:\/\/odabrano.com\/index.php\/home\/\",\"url\":\"https:\/\/odabrano.com\/index.php\/home\/\",\"name\":\"Home - odabrano\",\"isPartOf\":{\"@id\":\"https:\/\/odabrano.com\/#website\"},\"datePublished\":\"2024-02-21T13:47:11+00:00\",\"dateModified\":\"2025-04-11T10:10:00+00:00\",\"description\":\"Turisti\u010dki smje\u0161taj u prekrasnoj mediteranskoj regiji Dalmaciji nudi se u velikom izboru. Mo\u017eete birati izme\u0111u apartmana, obiteljskih hotela ili jeftinijeg smje\u0161taja poput kampinga, a pritom u\u017eivati u ljepotama ovog podru\u010dja.\",\"breadcrumb\":{\"@id\":\"https:\/\/odabrano.com\/index.php\/home\/#breadcrumb\"},\"inLanguage\":\"en-US\",\"potentialAction\":[{\"@type\":\"ReadAction\",\"target\":[\"https:\/\/odabrano.com\/index.php\/home\/\"]}]},{\"@type\":\"BreadcrumbList\",\"@id\":\"https:\/\/odabrano.com\/index.php\/home\/#breadcrumb\",\"itemListElement\":[{\"@type\":\"ListItem\",\"position\":1,\"name\":\"Home\",\"item\":\"https:\/\/odabrano.com\/\"},{\"@type\":\"ListItem\",\"position\":2,\"name\":\"Home\"}]},{\"@type\":\"WebSite\",\"@id\":\"https:\/\/odabrano.com\/#website\",\"url\":\"https:\/\/odabrano.com\/\",\"name\":\"odabrano\",\"description\":\"news portal koji nudi odabrane vijesti i informacije\",\"publisher\":{\"@id\":\"https:\/\/odabrano.com\/#\/schema\/person\/460f2b14657879743f23c4f6a7cd3236\"},\"alternateName\":\"vijesti i informacije iz Hrvatske i svijeta\",\"potentialAction\":[{\"@type\":\"SearchAction\",\"target\":{\"@type\":\"EntryPoint\",\"urlTemplate\":\"https:\/\/odabrano.com\/?s={search_term_string}\"},\"query-input\":\"required name=search_term_string\"}],\"inLanguage\":\"en-US\"},{\"@type\":[\"Person\",\"Organization\"],\"@id\":\"https:\/\/odabrano.com\/#\/schema\/person\/460f2b14657879743f23c4f6a7cd3236\",\"name\":\"admin\",\"image\":{\"@type\":\"ImageObject\",\"inLanguage\":\"en-US\",\"@id\":\"https:\/\/odabrano.com\/#\/schema\/person\/image\/\",\"url\":\"https:\/\/odabrano.com\/wp-content\/uploads\/2024\/04\/dolar.jpg\",\"contentUrl\":\"https:\/\/odabrano.com\/wp-content\/uploads\/2024\/04\/dolar.jpg\",\"width\":1216,\"height\":519,\"caption\":\"admin\"},\"logo\":{\"@id\":\"https:\/\/odabrano.com\/#\/schema\/person\/image\/\"},\"sameAs\":[\"http:\/\/odabrano.com\"]}]}<\/script>\n<!-- \/ Yoast SEO plugin. -->","yoast_head_json":{"title":"Home - odabrano","description":"Turisti\u010dki smje\u0161taj u prekrasnoj mediteranskoj regiji Dalmaciji nudi se u velikom izboru. Mo\u017eete birati izme\u0111u apartmana, obiteljskih hotela ili jeftinijeg smje\u0161taja poput kampinga, a pritom u\u017eivati u ljepotama ovog podru\u010dja.","robots":{"index":"index","follow":"follow","max-snippet":"max-snippet:-1","max-image-preview":"max-image-preview:large","max-video-preview":"max-video-preview:-1"},"canonical":"https:\/\/odabrano.com\/index.php\/home\/","og_locale":"en_US","og_type":"article","og_title":"Home - odabrano","og_description":"Turisti\u010dki smje\u0161taj u prekrasnoj mediteranskoj regiji Dalmaciji nudi se u velikom izboru. Mo\u017eete birati izme\u0111u apartmana, obiteljskih hotela ili jeftinijeg smje\u0161taja poput kampinga, a pritom u\u017eivati u ljepotama ovog podru\u010dja.","og_url":"https:\/\/odabrano.com\/index.php\/home\/","og_site_name":"odabrano","article_modified_time":"2025-04-11T10:10:00+00:00","twitter_card":"summary_large_image","schema":{"@context":"https:\/\/schema.org","@graph":[{"@type":"WebPage","@id":"https:\/\/odabrano.com\/index.php\/home\/","url":"https:\/\/odabrano.com\/index.php\/home\/","name":"Home - odabrano","isPartOf":{"@id":"https:\/\/odabrano.com\/#website"},"datePublished":"2024-02-21T13:47:11+00:00","dateModified":"2025-04-11T10:10:00+00:00","description":"Turisti\u010dki smje\u0161taj u prekrasnoj mediteranskoj regiji Dalmaciji nudi se u velikom izboru. Mo\u017eete birati izme\u0111u apartmana, obiteljskih hotela ili jeftinijeg smje\u0161taja poput kampinga, a pritom u\u017eivati u ljepotama ovog podru\u010dja.","breadcrumb":{"@id":"https:\/\/odabrano.com\/index.php\/home\/#breadcrumb"},"inLanguage":"en-US","potentialAction":[{"@type":"ReadAction","target":["https:\/\/odabrano.com\/index.php\/home\/"]}]},{"@type":"BreadcrumbList","@id":"https:\/\/odabrano.com\/index.php\/home\/#breadcrumb","itemListElement":[{"@type":"ListItem","position":1,"name":"Home","item":"https:\/\/odabrano.com\/"},{"@type":"ListItem","position":2,"name":"Home"}]},{"@type":"WebSite","@id":"https:\/\/odabrano.com\/#website","url":"https:\/\/odabrano.com\/","name":"odabrano","description":"news portal koji nudi odabrane vijesti i informacije","publisher":{"@id":"https:\/\/odabrano.com\/#\/schema\/person\/460f2b14657879743f23c4f6a7cd3236"},"alternateName":"vijesti i informacije iz Hrvatske i svijeta","potentialAction":[{"@type":"SearchAction","target":{"@type":"EntryPoint","urlTemplate":"https:\/\/odabrano.com\/?s={search_term_string}"},"query-input":"required name=search_term_string"}],"inLanguage":"en-US"},{"@type":["Person","Organization"],"@id":"https:\/\/odabrano.com\/#\/schema\/person\/460f2b14657879743f23c4f6a7cd3236","name":"admin","image":{"@type":"ImageObject","inLanguage":"en-US","@id":"https:\/\/odabrano.com\/#\/schema\/person\/image\/","url":"https:\/\/odabrano.com\/wp-content\/uploads\/2024\/04\/dolar.jpg","contentUrl":"https:\/\/odabrano.com\/wp-content\/uploads\/2024\/04\/dolar.jpg","width":1216,"height":519,"caption":"admin"},"logo":{"@id":"https:\/\/odabrano.com\/#\/schema\/person\/image\/"},"sameAs":["http:\/\/odabrano.com"]}]}},"_links":{"self":[{"href":"https:\/\/odabrano.com\/index.php\/wp-json\/wp\/v2\/pages\/14","targetHints":{"allow":["GET"]}}],"collection":[{"href":"https:\/\/odabrano.com\/index.php\/wp-json\/wp\/v2\/pages"}],"about":[{"href":"https:\/\/odabrano.com\/index.php\/wp-json\/wp\/v2\/types\/page"}],"author":[{"embeddable":true,"href":"https:\/\/odabrano.com\/index.php\/wp-json\/wp\/v2\/users\/1"}],"replies":[{"embeddable":true,"href":"https:\/\/odabrano.com\/index.php\/wp-json\/wp\/v2\/comments?post=14"}],"version-history":[{"count":3,"href":"https:\/\/odabrano.com\/index.php\/wp-json\/wp\/v2\/pages\/14\/revisions"}],"predecessor-version":[{"id":6080,"href":"https:\/\/odabrano.com\/index.php\/wp-json\/wp\/v2\/pages\/14\/revisions\/6080"}],"wp:attachment":[{"href":"https:\/\/odabrano.com\/index.php\/wp-json\/wp\/v2\/media?parent=14"}],"curies":[{"name":"wp","href":"https:\/\/api.w.org\/{rel}","templated":true}]}}